{"id":29504,"date":"2024-03-18T14:50:23","date_gmt":"2024-03-18T13:50:23","guid":{"rendered":"https:\/\/syfraco.org\/union-members-provide-a-framework-for-best-practice-in-the-security-profession\/"},"modified":"2024-12-17T11:55:56","modified_gmt":"2024-12-17T10:55:56","slug":"union-members-provide-a-framework-for-best-practice-in-the-security-profession","status":"publish","type":"page","link":"https:\/\/syfraco.org\/en\/union-members-provide-a-framework-for-best-practice-in-the-security-profession\/","title":{"rendered":"Union members provide a framework for best practice in the security profession"},"content":{"rendered":"<p>[et_pb_section fb_built=&#8221;1&#8243; _builder_version=&#8221;4.24.2&#8243; _module_preset=&#8221;default&#8221; background_color=&#8221;rgba(0,0,0,0.33)&#8221; background_image=&#8221;https:\/\/syfraco.org\/wp-content\/uploads\/2024\/03\/membres-syfraco.jpg&#8221; background_blend=&#8221;multiply&#8221; custom_padding=&#8221;150px||150px||false|false&#8221; locked=&#8221;off&#8221; global_colors_info=&#8221;{}&#8221;][et_pb_row _builder_version=&#8221;4.24.2&#8243; _module_preset=&#8221;default&#8221; global_colors_info=&#8221;{}&#8221;][et_pb_column type=&#8221;4_4&#8243; _builder_version=&#8221;4.24.2&#8243; _module_preset=&#8221;default&#8221; global_colors_info=&#8221;{}&#8221;][et_pb_text _builder_version=&#8221;4.24.2&#8243; _module_preset=&#8221;default&#8221; header_font=&#8221;Coda||||||||&#8221; header_text_color=&#8221;#FFFFFF&#8221; header_font_size=&#8221;41px&#8221; global_colors_info=&#8221;{}&#8221;]<\/p>\n<h1 style=\"text-align: center;\">SYFRACO MEMBERS<\/h1>\n<p>[\/et_pb_text][et_pb_button button_url=&#8221;@ET-DC@eyJkeW5hbWljIjp0cnVlLCJjb250ZW50IjoicG9zdF9saW5rX3VybF9wYWdlIiwic2V0dGluZ3MiOnsicG9zdF9pZCI6IjI5MTkxIn19@&#8221; button_text=&#8221;Become a member&#8221; button_alignment=&#8221;center&#8221; _builder_version=&#8221;4.27.2&#8243; _dynamic_attributes=&#8221;button_url&#8221; _module_preset=&#8221;default&#8221; custom_margin=&#8221;||20px||false|false&#8221; locked=&#8221;off&#8221; global_colors_info=&#8221;{}&#8221;][\/et_pb_button][\/et_pb_column][\/et_pb_row][\/et_pb_section][et_pb_section fb_built=&#8221;1&#8243; _builder_version=&#8221;4.24.2&#8243; _module_preset=&#8221;default&#8221; global_colors_info=&#8221;{}&#8221;][et_pb_row column_structure=&#8221;1_2,1_2&#8243; _builder_version=&#8221;4.24.2&#8243; _module_preset=&#8221;default&#8221; global_colors_info=&#8221;{}&#8221;][et_pb_column type=&#8221;1_2&#8243; _builder_version=&#8221;4.24.2&#8243; _module_preset=&#8221;default&#8221; global_colors_info=&#8221;{}&#8221;][et_pb_text _builder_version=&#8221;4.24.2&#8243; _module_preset=&#8221;default&#8221; global_colors_info=&#8221;{}&#8221;]<\/p>\n<h3>Union members oversee best practices in the security business, ensuring that standards are respected and revised in line with changing risks, in the interests of our customers.<\/h3>\n<p>[\/et_pb_text][\/et_pb_column][et_pb_column type=&#8221;1_2&#8243; _builder_version=&#8221;4.24.2&#8243; _module_preset=&#8221;default&#8221; global_colors_info=&#8221;{}&#8221;][et_pb_text _builder_version=&#8221;4.24.2&#8243; _module_preset=&#8221;default&#8221; global_colors_info=&#8221;{}&#8221;]<\/p>\n<p>All companies in the profession can apply for membership, subject to compliance with the union&#8217;s bylaws.<\/p>\n<p>French companies, from the European Union but with a subsidiary in France, manufacturing products relevant to the profession (safes, refractory cabinets and heavy security equipment) or French companies whose activities are related to those of the profession.<\/p>\n<p>[\/et_pb_text][\/et_pb_column][\/et_pb_row][\/et_pb_section][et_pb_section fb_built=&#8221;1&#8243; _builder_version=&#8221;4.24.2&#8243; _module_preset=&#8221;default&#8221; background_color=&#8221;gcid-0e897028-6fd5-4bb1-acd4-ec0ce016a35c&#8221; custom_padding=&#8221;100px||100px||false|false&#8221; global_colors_info=&#8221;{%22gcid-0e897028-6fd5-4bb1-acd4-ec0ce016a35c%22:%91%22background_color%22%93}&#8221;][et_pb_row _builder_version=&#8221;4.24.2&#8243; _module_preset=&#8221;default&#8221; locked=&#8221;off&#8221; global_colors_info=&#8221;{}&#8221;][et_pb_column type=&#8221;4_4&#8243; _builder_version=&#8221;4.24.2&#8243; _module_preset=&#8221;default&#8221; global_colors_info=&#8221;{}&#8221;][et_pb_text _builder_version=&#8221;4.24.2&#8243; _module_preset=&#8221;default&#8221; header_2_text_align_tablet=&#8221;center&#8221; header_2_text_align_phone=&#8221;center&#8221; header_2_text_align_last_edited=&#8221;on|tablet&#8221; locked=&#8221;off&#8221; global_colors_info=&#8221;{}&#8221;]<\/p>\n<h2>OUR MEMBERS<\/h2>\n<p>[\/et_pb_text][\/et_pb_column][\/et_pb_row][et_pb_row column_structure=&#8221;1_3,1_3,1_3&#8243; make_equal=&#8221;on&#8221; _builder_version=&#8221;4.24.2&#8243; _module_preset=&#8221;default&#8221; locked=&#8221;off&#8221; global_colors_info=&#8221;{}&#8221;][et_pb_column type=&#8221;1_3&#8243; _builder_version=&#8221;4.24.2&#8243; _module_preset=&#8221;default&#8221; background_color=&#8221;#FFFFFF&#8221; custom_padding=&#8221;15px|15px|15px|15px|false|false&#8221; border_radii=&#8221;on|5px|5px|5px|5px&#8221; box_shadow_style=&#8221;preset1&#8243; global_colors_info=&#8221;{}&#8221;][et_pb_image src=&#8221;https:\/\/syfraco.org\/wp-content\/uploads\/2024\/03\/FERRIMAX.jpg&#8221; title_text=&#8221;FERRIMAX&#8221; show_bottom_space=&#8221;off&#8221; align=&#8221;center&#8221; align_tablet=&#8221;center&#8221; align_phone=&#8221;center&#8221; align_last_edited=&#8221;on|desktop&#8221; _builder_version=&#8221;4.24.2&#8243; _module_preset=&#8221;default&#8221; custom_margin=&#8221;||5px||false|false&#8221; custom_padding=&#8221;||||false|false&#8221; global_colors_info=&#8221;{}&#8221;][\/et_pb_image][et_pb_text _builder_version=&#8221;4.25.2&#8243; _module_preset=&#8221;default&#8221; text_orientation=&#8221;center&#8221; text_orientation_tablet=&#8221;center&#8221; text_orientation_phone=&#8221;center&#8221; text_orientation_last_edited=&#8221;on|desktop&#8221; locked=&#8221;off&#8221; global_colors_info=&#8221;{}&#8221;]<\/p>\n<h6><span>FERRIMAX France, an entity of the FERRIMAX group, specializes in the development, manufacture and maintenance of physical security products such as Safes, Deposit safes, Strong rooms, Vaults Doors, Banks lockers, Armored Doors and Panic rooms.\u00a0<\/span><\/h6>\n<p><span><\/span><\/p>\n<p>[\/et_pb_text][et_pb_button button_url=&#8221;https:\/\/www.ferrimax.com&#8221; url_new_window=&#8221;on&#8221; button_text=&#8221;Read more&#8221; button_alignment=&#8221;center&#8221; _builder_version=&#8221;4.24.2&#8243; _module_preset=&#8221;default&#8221; custom_margin=&#8221;||20px||false|false&#8221; global_colors_info=&#8221;{}&#8221;][\/et_pb_button][\/et_pb_column][et_pb_column type=&#8221;1_3&#8243; _builder_version=&#8221;4.24.2&#8243; _module_preset=&#8221;default&#8221; background_color=&#8221;#FFFFFF&#8221; custom_padding=&#8221;15px|15px|15px|15px|false|false&#8221; border_radii=&#8221;on|5px|5px|5px|5px&#8221; box_shadow_style=&#8221;preset1&#8243; global_colors_info=&#8221;{}&#8221;][et_pb_image src=&#8221;https:\/\/syfraco.org\/wp-content\/uploads\/2024\/03\/GUNNEBO.jpg&#8221; title_text=&#8221;GUNNEBO&#8221; show_bottom_space=&#8221;off&#8221; align=&#8221;center&#8221; align_tablet=&#8221;center&#8221; align_phone=&#8221;center&#8221; align_last_edited=&#8221;on|desktop&#8221; _builder_version=&#8221;4.24.2&#8243; _module_preset=&#8221;default&#8221; custom_margin=&#8221;||5px||false|false&#8221; custom_padding=&#8221;||||false|false&#8221; global_colors_info=&#8221;{}&#8221;][\/et_pb_image][et_pb_text _builder_version=&#8221;4.25.2&#8243; _module_preset=&#8221;default&#8221; text_orientation=&#8221;center&#8221; text_orientation_tablet=&#8221;center&#8221; text_orientation_phone=&#8221;center&#8221; text_orientation_last_edited=&#8221;on|desktop&#8221; global_colors_info=&#8221;{}&#8221;]<\/p>\n<h6><span>Gunnebo France, the sales entity of the Gunnebo security group, <\/span><span>has unique expertise in banking security, cash management, secure storage, access management and related services.<\/span><\/h6>\n<p><span><\/span><\/p>\n<p><span><\/span><\/p>\n<p><span><\/span><\/p>\n<p>[\/et_pb_text][et_pb_button button_url=&#8221;https:\/\/www.gunnebosafestorage.com\/fr\/&#8221; url_new_window=&#8221;on&#8221; button_text=&#8221;Read more&#8221; button_alignment=&#8221;center&#8221; _builder_version=&#8221;4.27.4&#8243; _module_preset=&#8221;default&#8221; custom_margin=&#8221;||20px||false|false&#8221; global_colors_info=&#8221;{}&#8221;][\/et_pb_button][\/et_pb_column][et_pb_column type=&#8221;1_3&#8243; _builder_version=&#8221;4.24.2&#8243; _module_preset=&#8221;default&#8221; background_color=&#8221;#FFFFFF&#8221; custom_padding=&#8221;15px|15px|15px|15px|false|false&#8221; border_radii=&#8221;on|5px|5px|5px|5px&#8221; box_shadow_style=&#8221;preset1&#8243; global_colors_info=&#8221;{}&#8221;][et_pb_image src=&#8221;https:\/\/syfraco.org\/wp-content\/uploads\/2024\/03\/FICHET-BAUCHE.jpg&#8221; title_text=&#8221;FICHET-BAUCHE&#8221; show_bottom_space=&#8221;off&#8221; align=&#8221;center&#8221; align_tablet=&#8221;center&#8221; align_phone=&#8221;center&#8221; align_last_edited=&#8221;on|desktop&#8221; _builder_version=&#8221;4.24.2&#8243; _module_preset=&#8221;default&#8221; custom_margin=&#8221;||5px||false|false&#8221; custom_padding=&#8221;||||false|false&#8221; global_colors_info=&#8221;{}&#8221;][\/et_pb_image][et_pb_text _builder_version=&#8221;4.25.2&#8243; _module_preset=&#8221;default&#8221; text_orientation=&#8221;center&#8221; text_orientation_tablet=&#8221;center&#8221; text_orientation_phone=&#8221;center&#8221; text_orientation_last_edited=&#8221;on|desktop&#8221; global_colors_info=&#8221;{}&#8221;]<\/p>\n<h6><span>Fichet-Bauche is a leading brand in secure storage solutions. We offer a wide range of fireproof and fireproof safes and strongboxes, combined with high-security locks.<\/span><\/h6>\n<p><span><\/span><\/p>\n<p><span><\/span><\/p>\n<p><span><\/span><\/p>\n<p>[\/et_pb_text][et_pb_button url_new_window=&#8221;on&#8221; button_text=&#8221;Read more&#8221; button_alignment=&#8221;center&#8221; _builder_version=&#8221;4.24.2&#8243; _module_preset=&#8221;default&#8221; custom_margin=&#8221;||20px||false|false&#8221; global_colors_info=&#8221;{}&#8221;][\/et_pb_button][\/et_pb_column][\/et_pb_row][et_pb_row column_structure=&#8221;1_3,1_3,1_3&#8243; make_equal=&#8221;on&#8221; _builder_version=&#8221;4.24.2&#8243; _module_preset=&#8221;default&#8221; locked=&#8221;off&#8221; global_colors_info=&#8221;{}&#8221;][et_pb_column type=&#8221;1_3&#8243; _builder_version=&#8221;4.24.2&#8243; _module_preset=&#8221;default&#8221; background_color=&#8221;#FFFFFF&#8221; custom_padding=&#8221;15px|15px|15px|15px|false|false&#8221; border_radii=&#8221;on|5px|5px|5px|5px&#8221; box_shadow_style=&#8221;preset1&#8243; global_colors_info=&#8221;{}&#8221;][et_pb_image src=&#8221;https:\/\/syfraco.org\/wp-content\/uploads\/2024\/03\/PETIT-JEAN-FORESTIER.jpg&#8221; title_text=&#8221;PETIT-JEAN-FORESTIER&#8221; show_bottom_space=&#8221;off&#8221; align=&#8221;center&#8221; align_tablet=&#8221;center&#8221; align_phone=&#8221;center&#8221; align_last_edited=&#8221;on|desktop&#8221; _builder_version=&#8221;4.24.2&#8243; _module_preset=&#8221;default&#8221; custom_margin=&#8221;||5px||false|false&#8221; custom_padding=&#8221;||||false|false&#8221; global_colors_info=&#8221;{}&#8221;][\/et_pb_image][et_pb_text _builder_version=&#8221;4.25.2&#8243; _module_preset=&#8221;default&#8221; text_orientation=&#8221;center&#8221; text_orientation_tablet=&#8221;center&#8221; text_orientation_phone=&#8221;center&#8221; text_orientation_last_edited=&#8221;on|desktop&#8221; locked=&#8221;off&#8221; global_colors_info=&#8221;{}&#8221;]<\/p>\n<h6><span>Design, manufacture, marketing, shipping, installation and after-sales service of safes, strongboxes, strong doors and safe locks. Made 100% in France at our factory in the Somme region.<\/span><\/h6>\n<p>[\/et_pb_text][et_pb_button button_url=&#8221;https:\/\/coffre-fort-forestier.com&#8221; url_new_window=&#8221;on&#8221; button_text=&#8221;Read more&#8221; button_alignment=&#8221;center&#8221; _builder_version=&#8221;4.24.2&#8243; _module_preset=&#8221;default&#8221; custom_margin=&#8221;||20px||false|false&#8221; global_colors_info=&#8221;{}&#8221;][\/et_pb_button][\/et_pb_column][et_pb_column type=&#8221;1_3&#8243; _builder_version=&#8221;4.24.2&#8243; _module_preset=&#8221;default&#8221; background_color=&#8221;#FFFFFF&#8221; custom_padding=&#8221;15px|15px|15px|15px|false|false&#8221; border_radii=&#8221;on|5px|5px|5px|5px&#8221; box_shadow_style=&#8221;preset1&#8243; global_colors_info=&#8221;{}&#8221;][et_pb_image src=&#8221;https:\/\/syfraco.org\/wp-content\/uploads\/2024\/03\/IDIPS.jpg&#8221; title_text=&#8221;IDIPS&#8221; show_bottom_space=&#8221;off&#8221; align=&#8221;center&#8221; align_tablet=&#8221;center&#8221; align_phone=&#8221;center&#8221; align_last_edited=&#8221;on|desktop&#8221; _builder_version=&#8221;4.24.2&#8243; _module_preset=&#8221;default&#8221; custom_margin=&#8221;||5px||false|false&#8221; custom_padding=&#8221;||||false|false&#8221; global_colors_info=&#8221;{}&#8221;][\/et_pb_image][et_pb_text _builder_version=&#8221;4.25.2&#8243; _module_preset=&#8221;default&#8221; text_orientation=&#8221;center&#8221; text_orientation_tablet=&#8221;center&#8221; text_orientation_phone=&#8221;center&#8221; text_orientation_last_edited=&#8221;on|desktop&#8221; global_colors_info=&#8221;{}&#8221;]<\/p>\n<h6><span>Developing and manufacturing safe locks for special applications, IDIPS also provides complete maintenance of safes and their equipment, as well as key duplication.<\/span><\/h6>\n<p>[\/et_pb_text][et_pb_button button_url=&#8221;https:\/\/idips.com&#8221; url_new_window=&#8221;on&#8221; button_text=&#8221;Read more&#8221; button_alignment=&#8221;center&#8221; _builder_version=&#8221;4.24.2&#8243; _module_preset=&#8221;default&#8221; custom_margin=&#8221;||20px||false|false&#8221; global_colors_info=&#8221;{}&#8221;][\/et_pb_button][\/et_pb_column][et_pb_column type=&#8221;1_3&#8243; _builder_version=&#8221;4.24.2&#8243; _module_preset=&#8221;default&#8221; background_color=&#8221;#FFFFFF&#8221; custom_padding=&#8221;15px|15px|15px|15px|false|false&#8221; border_radii=&#8221;on|5px|5px|5px|5px&#8221; box_shadow_style=&#8221;preset1&#8243; global_colors_info=&#8221;{}&#8221;][et_pb_image src=&#8221;https:\/\/syfraco.org\/wp-content\/uploads\/2024\/03\/CHUBB-SAFES.jpg&#8221; title_text=&#8221;CHUBB-SAFES&#8221; show_bottom_space=&#8221;off&#8221; align=&#8221;center&#8221; align_tablet=&#8221;center&#8221; align_phone=&#8221;center&#8221; align_last_edited=&#8221;on|desktop&#8221; _builder_version=&#8221;4.24.2&#8243; _module_preset=&#8221;default&#8221; custom_margin=&#8221;||5px||false|false&#8221; custom_padding=&#8221;||||false|false&#8221; global_colors_info=&#8221;{}&#8221;][\/et_pb_image][et_pb_text _builder_version=&#8221;4.25.2&#8243; _module_preset=&#8221;default&#8221; text_orientation=&#8221;center&#8221; text_orientation_tablet=&#8221;center&#8221; text_orientation_phone=&#8221;center&#8221; text_orientation_last_edited=&#8221;on|desktop&#8221; global_colors_info=&#8221;{}&#8221;]<\/p>\n<h6><span>Chubbsafes is a leading provider of solutions for the storage of cash and valuables, and the physical protection of documents and data.<\/span><\/h6>\n<p><span><\/span><\/p>\n<p><span><\/span><\/p>\n<p>[\/et_pb_text][et_pb_button button_url=&#8221;https:\/\/www.chubbsafes.com\/fr-fr\/&#8221; url_new_window=&#8221;on&#8221; button_text=&#8221;Read more&#8221; button_alignment=&#8221;center&#8221; _builder_version=&#8221;4.27.4&#8243; _module_preset=&#8221;default&#8221; custom_margin=&#8221;||20px||false|false&#8221; global_colors_info=&#8221;{}&#8221;][\/et_pb_button][\/et_pb_column][\/et_pb_row][\/et_pb_section]<\/p>\n","protected":false},"excerpt":{"rendered":"<p>The union&#8217;s members oversee best practices in the security industry, ensuring compliance with standards and their revision.<\/p>\n","protected":false},"author":1,"featured_media":29458,"parent":0,"menu_order":0,"comment_status":"closed","ping_status":"closed","template":"","meta":{"_et_pb_use_builder":"on","_et_pb_old_content":"","_et_gb_content_width":"","footnotes":""},"class_list":["post-29504","page","type-page","status-publish","has-post-thumbnail","hentry"],"yoast_head":"<!-- This site is optimized with the Yoast SEO plugin v27.3 - https:\/\/yoast.com\/product\/yoast-seo-wordpress\/ -->\n<title>Members of the security trade union<\/title>\n<meta name=\"description\" content=\"The union&#039;s members oversee best practices in the security business, ensuring compliance with standards and their revision.\" \/>\n<meta name=\"robots\" content=\"index, follow, max-snippet:-1, max-image-preview:large, max-video-preview:-1\" \/>\n<link rel=\"canonical\" href=\"https:\/\/syfraco.org\/en\/union-members-provide-a-framework-for-best-practice-in-the-security-profession\/\" \/>\n<meta property=\"og:locale\" content=\"en_US\" \/>\n<meta property=\"og:type\" content=\"article\" \/>\n<meta property=\"og:title\" content=\"Members of the security trade union\" \/>\n<meta property=\"og:description\" content=\"The union&#039;s members oversee best practices in the security business, ensuring compliance with standards and their revision.\" \/>\n<meta property=\"og:url\" content=\"https:\/\/syfraco.org\/en\/union-members-provide-a-framework-for-best-practice-in-the-security-profession\/\" \/>\n<meta property=\"og:site_name\" content=\"Syndicat Fran\u00e7ais des Fabricants de Coffres-forts\" \/>\n<meta property=\"article:modified_time\" content=\"2024-12-17T10:55:56+00:00\" \/>\n<meta property=\"og:image\" content=\"https:\/\/syfraco.org\/wp-content\/uploads\/2024\/03\/membres-syfraco.jpg\" \/>\n\t<meta property=\"og:image:width\" content=\"2048\" \/>\n\t<meta property=\"og:image:height\" content=\"1152\" \/>\n\t<meta property=\"og:image:type\" content=\"image\/jpeg\" \/>\n<meta name=\"twitter:card\" content=\"summary_large_image\" \/>\n<meta name=\"twitter:label1\" content=\"Est. reading time\" \/>\n\t<meta name=\"twitter:data1\" content=\"8 minutes\" \/>\n<script type=\"application\/ld+json\" class=\"yoast-schema-graph\">{\"@context\":\"https:\\\/\\\/schema.org\",\"@graph\":[{\"@type\":\"WebPage\",\"@id\":\"https:\\\/\\\/syfraco.org\\\/en\\\/union-members-provide-a-framework-for-best-practice-in-the-security-profession\\\/\",\"url\":\"https:\\\/\\\/syfraco.org\\\/en\\\/union-members-provide-a-framework-for-best-practice-in-the-security-profession\\\/\",\"name\":\"Members of the security trade union\",\"isPartOf\":{\"@id\":\"https:\\\/\\\/syfraco.org\\\/en\\\/#website\"},\"primaryImageOfPage\":{\"@id\":\"https:\\\/\\\/syfraco.org\\\/en\\\/union-members-provide-a-framework-for-best-practice-in-the-security-profession\\\/#primaryimage\"},\"image\":{\"@id\":\"https:\\\/\\\/syfraco.org\\\/en\\\/union-members-provide-a-framework-for-best-practice-in-the-security-profession\\\/#primaryimage\"},\"thumbnailUrl\":\"https:\\\/\\\/syfraco.org\\\/wp-content\\\/uploads\\\/2024\\\/03\\\/membres-syfraco.jpg\",\"datePublished\":\"2024-03-18T13:50:23+00:00\",\"dateModified\":\"2024-12-17T10:55:56+00:00\",\"description\":\"The union's members oversee best practices in the security business, ensuring compliance with standards and their revision.\",\"breadcrumb\":{\"@id\":\"https:\\\/\\\/syfraco.org\\\/en\\\/union-members-provide-a-framework-for-best-practice-in-the-security-profession\\\/#breadcrumb\"},\"inLanguage\":\"en-US\",\"potentialAction\":[{\"@type\":\"ReadAction\",\"target\":[\"https:\\\/\\\/syfraco.org\\\/en\\\/union-members-provide-a-framework-for-best-practice-in-the-security-profession\\\/\"]}]},{\"@type\":\"ImageObject\",\"inLanguage\":\"en-US\",\"@id\":\"https:\\\/\\\/syfraco.org\\\/en\\\/union-members-provide-a-framework-for-best-practice-in-the-security-profession\\\/#primaryimage\",\"url\":\"https:\\\/\\\/syfraco.org\\\/wp-content\\\/uploads\\\/2024\\\/03\\\/membres-syfraco.jpg\",\"contentUrl\":\"https:\\\/\\\/syfraco.org\\\/wp-content\\\/uploads\\\/2024\\\/03\\\/membres-syfraco.jpg\",\"width\":2048,\"height\":1152,\"caption\":\"Les membres du syndicat du m\u00e9tier de la s\u00e9curit\u00e9\"},{\"@type\":\"BreadcrumbList\",\"@id\":\"https:\\\/\\\/syfraco.org\\\/en\\\/union-members-provide-a-framework-for-best-practice-in-the-security-profession\\\/#breadcrumb\",\"itemListElement\":[{\"@type\":\"ListItem\",\"position\":1,\"name\":\"Accueil\",\"item\":\"https:\\\/\\\/syfraco.org\\\/en\\\/french-association-of-safe-manufacturers\\\/\"},{\"@type\":\"ListItem\",\"position\":2,\"name\":\"Union members provide a framework for best practice in the security profession\"}]},{\"@type\":\"WebSite\",\"@id\":\"https:\\\/\\\/syfraco.org\\\/en\\\/#website\",\"url\":\"https:\\\/\\\/syfraco.org\\\/en\\\/\",\"name\":\"Syndicat Fran\u00e7ais des Fabricants de Coffres-forts\",\"description\":\"SYFRACO\",\"publisher\":{\"@id\":\"https:\\\/\\\/syfraco.org\\\/en\\\/#organization\"},\"potentialAction\":[{\"@type\":\"SearchAction\",\"target\":{\"@type\":\"EntryPoint\",\"urlTemplate\":\"https:\\\/\\\/syfraco.org\\\/en\\\/?s={search_term_string}\"},\"query-input\":{\"@type\":\"PropertyValueSpecification\",\"valueRequired\":true,\"valueName\":\"search_term_string\"}}],\"inLanguage\":\"en-US\"},{\"@type\":\"Organization\",\"@id\":\"https:\\\/\\\/syfraco.org\\\/en\\\/#organization\",\"name\":\"SYFRACO\",\"url\":\"https:\\\/\\\/syfraco.org\\\/en\\\/\",\"logo\":{\"@type\":\"ImageObject\",\"inLanguage\":\"en-US\",\"@id\":\"https:\\\/\\\/syfraco.org\\\/en\\\/#\\\/schema\\\/logo\\\/image\\\/\",\"url\":\"https:\\\/\\\/syfraco.org\\\/wp-content\\\/uploads\\\/2024\\\/03\\\/Logo-Syfraco.jpg\",\"contentUrl\":\"https:\\\/\\\/syfraco.org\\\/wp-content\\\/uploads\\\/2024\\\/03\\\/Logo-Syfraco.jpg\",\"width\":646,\"height\":181,\"caption\":\"SYFRACO\"},\"image\":{\"@id\":\"https:\\\/\\\/syfraco.org\\\/en\\\/#\\\/schema\\\/logo\\\/image\\\/\"}}]}<\/script>\n<!-- \/ Yoast SEO plugin. -->","yoast_head_json":{"title":"Members of the security trade union","description":"The union's members oversee best practices in the security business, ensuring compliance with standards and their revision.","robots":{"index":"index","follow":"follow","max-snippet":"max-snippet:-1","max-image-preview":"max-image-preview:large","max-video-preview":"max-video-preview:-1"},"canonical":"https:\/\/syfraco.org\/en\/union-members-provide-a-framework-for-best-practice-in-the-security-profession\/","og_locale":"en_US","og_type":"article","og_title":"Members of the security trade union","og_description":"The union's members oversee best practices in the security business, ensuring compliance with standards and their revision.","og_url":"https:\/\/syfraco.org\/en\/union-members-provide-a-framework-for-best-practice-in-the-security-profession\/","og_site_name":"Syndicat Fran\u00e7ais des Fabricants de Coffres-forts","article_modified_time":"2024-12-17T10:55:56+00:00","og_image":[{"width":2048,"height":1152,"url":"https:\/\/syfraco.org\/wp-content\/uploads\/2024\/03\/membres-syfraco.jpg","type":"image\/jpeg"}],"twitter_card":"summary_large_image","twitter_misc":{"Est. reading time":"8 minutes"},"schema":{"@context":"https:\/\/schema.org","@graph":[{"@type":"WebPage","@id":"https:\/\/syfraco.org\/en\/union-members-provide-a-framework-for-best-practice-in-the-security-profession\/","url":"https:\/\/syfraco.org\/en\/union-members-provide-a-framework-for-best-practice-in-the-security-profession\/","name":"Members of the security trade union","isPartOf":{"@id":"https:\/\/syfraco.org\/en\/#website"},"primaryImageOfPage":{"@id":"https:\/\/syfraco.org\/en\/union-members-provide-a-framework-for-best-practice-in-the-security-profession\/#primaryimage"},"image":{"@id":"https:\/\/syfraco.org\/en\/union-members-provide-a-framework-for-best-practice-in-the-security-profession\/#primaryimage"},"thumbnailUrl":"https:\/\/syfraco.org\/wp-content\/uploads\/2024\/03\/membres-syfraco.jpg","datePublished":"2024-03-18T13:50:23+00:00","dateModified":"2024-12-17T10:55:56+00:00","description":"The union's members oversee best practices in the security business, ensuring compliance with standards and their revision.","breadcrumb":{"@id":"https:\/\/syfraco.org\/en\/union-members-provide-a-framework-for-best-practice-in-the-security-profession\/#breadcrumb"},"inLanguage":"en-US","potentialAction":[{"@type":"ReadAction","target":["https:\/\/syfraco.org\/en\/union-members-provide-a-framework-for-best-practice-in-the-security-profession\/"]}]},{"@type":"ImageObject","inLanguage":"en-US","@id":"https:\/\/syfraco.org\/en\/union-members-provide-a-framework-for-best-practice-in-the-security-profession\/#primaryimage","url":"https:\/\/syfraco.org\/wp-content\/uploads\/2024\/03\/membres-syfraco.jpg","contentUrl":"https:\/\/syfraco.org\/wp-content\/uploads\/2024\/03\/membres-syfraco.jpg","width":2048,"height":1152,"caption":"Les membres du syndicat du m\u00e9tier de la s\u00e9curit\u00e9"},{"@type":"BreadcrumbList","@id":"https:\/\/syfraco.org\/en\/union-members-provide-a-framework-for-best-practice-in-the-security-profession\/#breadcrumb","itemListElement":[{"@type":"ListItem","position":1,"name":"Accueil","item":"https:\/\/syfraco.org\/en\/french-association-of-safe-manufacturers\/"},{"@type":"ListItem","position":2,"name":"Union members provide a framework for best practice in the security profession"}]},{"@type":"WebSite","@id":"https:\/\/syfraco.org\/en\/#website","url":"https:\/\/syfraco.org\/en\/","name":"Syndicat Fran\u00e7ais des Fabricants de Coffres-forts","description":"SYFRACO","publisher":{"@id":"https:\/\/syfraco.org\/en\/#organization"},"potentialAction":[{"@type":"SearchAction","target":{"@type":"EntryPoint","urlTemplate":"https:\/\/syfraco.org\/en\/?s={search_term_string}"},"query-input":{"@type":"PropertyValueSpecification","valueRequired":true,"valueName":"search_term_string"}}],"inLanguage":"en-US"},{"@type":"Organization","@id":"https:\/\/syfraco.org\/en\/#organization","name":"SYFRACO","url":"https:\/\/syfraco.org\/en\/","logo":{"@type":"ImageObject","inLanguage":"en-US","@id":"https:\/\/syfraco.org\/en\/#\/schema\/logo\/image\/","url":"https:\/\/syfraco.org\/wp-content\/uploads\/2024\/03\/Logo-Syfraco.jpg","contentUrl":"https:\/\/syfraco.org\/wp-content\/uploads\/2024\/03\/Logo-Syfraco.jpg","width":646,"height":181,"caption":"SYFRACO"},"image":{"@id":"https:\/\/syfraco.org\/en\/#\/schema\/logo\/image\/"}}]}},"_links":{"self":[{"href":"https:\/\/syfraco.org\/en\/wp-json\/wp\/v2\/pages\/29504","targetHints":{"allow":["GET"]}}],"collection":[{"href":"https:\/\/syfraco.org\/en\/wp-json\/wp\/v2\/pages"}],"about":[{"href":"https:\/\/syfraco.org\/en\/wp-json\/wp\/v2\/types\/page"}],"author":[{"embeddable":true,"href":"https:\/\/syfraco.org\/en\/wp-json\/wp\/v2\/users\/1"}],"replies":[{"embeddable":true,"href":"https:\/\/syfraco.org\/en\/wp-json\/wp\/v2\/comments?post=29504"}],"version-history":[{"count":7,"href":"https:\/\/syfraco.org\/en\/wp-json\/wp\/v2\/pages\/29504\/revisions"}],"predecessor-version":[{"id":29628,"href":"https:\/\/syfraco.org\/en\/wp-json\/wp\/v2\/pages\/29504\/revisions\/29628"}],"wp:featuredmedia":[{"embeddable":true,"href":"https:\/\/syfraco.org\/en\/wp-json\/wp\/v2\/media\/29458"}],"wp:attachment":[{"href":"https:\/\/syfraco.org\/en\/wp-json\/wp\/v2\/media?parent=29504"}],"curies":[{"name":"wp","href":"https:\/\/api.w.org\/{rel}","templated":true}]}}